{"id":184,"date":"2020-03-19T15:03:57","date_gmt":"2020-03-19T13:03:57","guid":{"rendered":"http:\/\/astridschmeda.de\/?page_id=184"},"modified":"2020-03-19T15:15:56","modified_gmt":"2020-03-19T13:15:56","slug":"die-hoffnung-bleibt","status":"publish","type":"page","link":"https:\/\/astridschmeda.de\/?page_id=184","title":{"rendered":"Die Hoffnung bleibt"},"content":{"rendered":"<p><img decoding=\"async\" loading=\"lazy\" src=\"http:\/\/astridschmeda.de\/wp-content\/uploads\/2020\/03\/Titel-Die-Hoffnung-bleibt-211x300.jpg\" alt=\"\" width=\"211\" height=\"300\" class=\"alignnone size-medium wp-image-192\" srcset=\"https:\/\/astridschmeda.de\/wp-content\/uploads\/2020\/03\/Titel-Die-Hoffnung-bleibt-211x300.jpg 211w, https:\/\/astridschmeda.de\/wp-content\/uploads\/2020\/03\/Titel-Die-Hoffnung-bleibt.jpg 600w\" sizes=\"(max-width: 211px) 100vw, 211px\" \/><\/p>\n<p><strong>Astrid Schmeda<br \/>\nDie Hoffnung bleibt.<br \/>\nSpanische Revolution,<br \/>\nFlucht und Exil in Frankreich 1936-1939<br \/>\nEssay<br \/>\nISBN 978-3-943446-27-2<br \/>\n140 Seiten mit Fotos<br \/>\nPreis \u20ac 15.-<\/strong><\/p>\n<p>Klappentext<br \/>\nAls Franco 1936 mit Teilen des Milit\u00e4rs gegen die junge Republik putschte, war es das Startzeichen f\u00fcr Arbeiter und Bauern, f\u00fcr Frauen, M\u00e4nner und Jugendliche, eine andere Ordnung zu erschaffen: Sie k\u00e4mpften nicht nur gegen den Faschismus, sie \u00fcbernahmen L\u00e4ndereien, Fabriken, staatliche Betriebe, Caf\u00e9s, Hotels und Friseur-salons, taten sich in Kollektiven zusammen und organisierten die Arbeit und das Leben ohne Herren und Meister.<br \/>\nDiese \u2013 anarchistische \u2013 Revolution ist beispiellos.<br \/>\nSie starb nicht an ihren eigenen Fehlern, sondern wurde gezielt vernichtet von der organisierten Macht der Stalinschen Kommunisten. Stalins Politik akzeptierte den Faschismus eher als eine freiheitliche Gesellschaft.<br \/>\nDie 500 000 Fl\u00fcchtlinge, die Ende Januar 1939 \u00fcber die Pyren\u00e4en an die franz\u00f6sische Grenze strebten, wurden unterschiedslos vom franz\u00f6sischen Staat wie Kriminelle behandelt: Sie wurden an den nackten Str\u00e4nden Roussillons hinter Stacheldraht gesperrt, Sand, Wind und K\u00e4lte ausgesetzt.<br \/>\nDie Str\u00e4nde sind heute f\u00fcr die Touristen reserviert, aber es regt sich seit einigen Jahren (erst) die Erinnerung. Die Kinder der Gefl\u00fcchteten haben sich zusammen getan: FFREEE ist ihre Organisation, die im Namen tr\u00e4gt, wof\u00fcr ihre Eltern einst gek\u00e4mpft haben.<\/p>\n","protected":false},"excerpt":{"rendered":"<p>Astrid Schmeda Die Hoffnung bleibt. Spanische Revolution, Flucht und Exil in Frankreich 1936-1939 Essay ISBN 978-3-943446-27-2 140 Seiten mit Fotos Preis \u20ac 15.- Klappentext Als Franco 1936 mit Teilen des Milit\u00e4rs gegen die junge Republik putschte, war es das Startzeichen f\u00fcr Arbeiter und Bauern, f\u00fcr Frauen, M\u00e4nner und Jugendliche, eine andere Ordnung zu erschaffen: Sie [&hellip;]<\/p>\n","protected":false},"author":1,"featured_media":0,"parent":23,"menu_order":0,"comment_status":"closed","ping_status":"closed","template":"","meta":[],"_links":{"self":[{"href":"https:\/\/astridschmeda.de\/index.php?rest_route=\/wp\/v2\/pages\/184"}],"collection":[{"href":"https:\/\/astridschmeda.de\/index.php?rest_route=\/wp\/v2\/pages"}],"about":[{"href":"https:\/\/astridschmeda.de\/index.php?rest_route=\/wp\/v2\/types\/page"}],"author":[{"embeddable":true,"href":"https:\/\/astridschmeda.de\/index.php?rest_route=\/wp\/v2\/users\/1"}],"replies":[{"embeddable":true,"href":"https:\/\/astridschmeda.de\/index.php?rest_route=%2Fwp%2Fv2%2Fcomments&post=184"}],"version-history":[{"count":4,"href":"https:\/\/astridschmeda.de\/index.php?rest_route=\/wp\/v2\/pages\/184\/revisions"}],"predecessor-version":[{"id":197,"href":"https:\/\/astridschmeda.de\/index.php?rest_route=\/wp\/v2\/pages\/184\/revisions\/197"}],"up":[{"embeddable":true,"href":"https:\/\/astridschmeda.de\/index.php?rest_route=\/wp\/v2\/pages\/23"}],"wp:attachment":[{"href":"https:\/\/astridschmeda.de\/index.php?rest_route=%2Fwp%2Fv2%2Fmedia&parent=184"}],"curies":[{"name":"wp","href":"https:\/\/api.w.org\/{rel}","templated":true}]}}