{"id":23,"date":"2013-10-23T12:11:27","date_gmt":"2013-10-23T10:11:27","guid":{"rendered":"http:\/\/astridschmeda.de\/?page_id=23"},"modified":"2013-12-19T19:27:38","modified_gmt":"2013-12-19T17:27:38","slug":"publikationen","status":"publish","type":"page","link":"https:\/\/astridschmeda.de\/?page_id=23","title":{"rendered":"Publikationen"},"content":{"rendered":"<p><a href=\"http:\/\/astridschmeda.de\/wp-content\/uploads\/2013\/12\/Lesung-Leidenschaftliches-Interesse-Bielefeld-1994.jpg\"><img decoding=\"async\" loading=\"lazy\" class=\"alignnone size-full wp-image-155\" alt=\"Lesung Leidenschaftliches Interesse Bielefeld 1994\" src=\"http:\/\/astridschmeda.de\/wp-content\/uploads\/2013\/12\/Lesung-Leidenschaftliches-Interesse-Bielefeld-1994.jpg\" width=\"266\" height=\"266\" srcset=\"https:\/\/astridschmeda.de\/wp-content\/uploads\/2013\/12\/Lesung-Leidenschaftliches-Interesse-Bielefeld-1994.jpg 266w, https:\/\/astridschmeda.de\/wp-content\/uploads\/2013\/12\/Lesung-Leidenschaftliches-Interesse-Bielefeld-1994-150x150.jpg 150w\" sizes=\"(max-width: 266px) 100vw, 266px\" \/><\/a><\/p>\n<p>Astrid Schmeda ver\u00f6ffentlicht seit 1982 Romane, Erz\u00e4hlungen und Gedichte. Ihre Geschichten sind \u00fcberwiegend aus weiblicher Perspektive geschrieben. Im Mittelpunkt stehen Frauen, die sich auf den Weg machen, um den eigenen Interessen und Leidenschaften zu folgen, die sich befreien wollen aus der Macht der herrschenden Rollenvorstellungen und der allt\u00e4glichen patriarchalen Dominanz.<\/p>\n<p>Sie hat sich in ihrem Schreiben dem Sog nach lauten Effekten und greller Oberfl\u00e4chlichkeit verweigert, der gesellschaftlichen K\u00e4lte setzt sie die Intensit\u00e4t von Begegnungen und die Hoffnung auf Ver\u00e4nderbarkeit entgegen.<\/p>\n<p>Neben den eher fiktiven Geschichten hat sie auch das Leben und Wirken historischer Frauen in Romanform nachgezeichnet (Fanny Mendelssohn, Clara Thalman &#8230;).<br \/>\nIn \u201eWir werden wild sein\u201c hingegen ist die Hauptperson ein Junge von 16 Jahren, und auch in einigen ihrer letzten Erz\u00e4hlungen spielen Jugendliche die Hauptrolle.<br \/>\nAus dem Rahmen fallen das autobiografisch gepr\u00e4gte kulinarische Reisebuch und der Essay zum Thema Symbiose, in dem Astrid Schmeda sich zum ersten Mal als Psychotherapeutin zu Wort meldet.<br \/>\nIn ihrer schriftstellerischen Entwicklung begleiteten, ermutigten und inspirierten sie vor allem Virginia Woolf, Franz Kafka, Christa Wolf, Doris Lessing, Jos\u00e9 Saramago, Antonio Tabucchi und viele andere.<\/p>\n<p>Als leidenschaftliche Leserin von Literatur h\u00e4lt sie ausschlie\u00dflich dem papiernen Buch die Treue und sucht auf regelm\u00e4\u00dfigen Lesereisen den Kontakt zum lesenden Publikum.<\/p>\n<p>&nbsp;<\/p>\n<p>&nbsp;<\/p>\n<p>&nbsp;<\/p>\n","protected":false},"excerpt":{"rendered":"<p>Astrid Schmeda ver\u00f6ffentlicht seit 1982 Romane, Erz\u00e4hlungen und Gedichte. Ihre Geschichten sind \u00fcberwiegend aus weiblicher Perspektive geschrieben. Im Mittelpunkt stehen Frauen, die sich auf den Weg machen, um den eigenen Interessen und Leidenschaften zu folgen, die sich befreien wollen aus der Macht der herrschenden Rollenvorstellungen und der allt\u00e4glichen patriarchalen Dominanz. Sie hat sich in ihrem [&hellip;]<\/p>\n","protected":false},"author":1,"featured_media":0,"parent":0,"menu_order":0,"comment_status":"closed","ping_status":"open","template":"","meta":[],"_links":{"self":[{"href":"https:\/\/astridschmeda.de\/index.php?rest_route=\/wp\/v2\/pages\/23"}],"collection":[{"href":"https:\/\/astridschmeda.de\/index.php?rest_route=\/wp\/v2\/pages"}],"about":[{"href":"https:\/\/astridschmeda.de\/index.php?rest_route=\/wp\/v2\/types\/page"}],"author":[{"embeddable":true,"href":"https:\/\/astridschmeda.de\/index.php?rest_route=\/wp\/v2\/users\/1"}],"replies":[{"embeddable":true,"href":"https:\/\/astridschmeda.de\/index.php?rest_route=%2Fwp%2Fv2%2Fcomments&post=23"}],"version-history":[{"count":6,"href":"https:\/\/astridschmeda.de\/index.php?rest_route=\/wp\/v2\/pages\/23\/revisions"}],"predecessor-version":[{"id":156,"href":"https:\/\/astridschmeda.de\/index.php?rest_route=\/wp\/v2\/pages\/23\/revisions\/156"}],"wp:attachment":[{"href":"https:\/\/astridschmeda.de\/index.php?rest_route=%2Fwp%2Fv2%2Fmedia&parent=23"}],"curies":[{"name":"wp","href":"https:\/\/api.w.org\/{rel}","templated":true}]}}