{"id":33,"date":"2013-10-23T12:14:56","date_gmt":"2013-10-23T10:14:56","guid":{"rendered":"http:\/\/astridschmeda.de\/?page_id=33"},"modified":"2013-10-31T14:54:50","modified_gmt":"2013-10-31T12:54:50","slug":"wenn-die-schluchten-weichen","status":"publish","type":"page","link":"https:\/\/astridschmeda.de\/?page_id=33","title":{"rendered":"Wenn die Schluchten weichen"},"content":{"rendered":"<p><a href=\"http:\/\/astridschmeda.de\/wp-content\/uploads\/2013\/10\/Titel_Schluchten.jpg\"><img decoding=\"async\" loading=\"lazy\" class=\"alignnone size-full wp-image-129\" alt=\"Titel_Schluchten\" src=\"http:\/\/astridschmeda.de\/wp-content\/uploads\/2013\/10\/Titel_Schluchten.jpg\" width=\"136\" height=\"223\" \/><\/a><\/p>\n<p>F\u00fcnf Frauen reisen auf die Insel Mallorca.<\/p>\n<p>Annika, Silke, Selma und Wanda arbeiten in einem kollektiv gef\u00fchrten Frauenberatungsladen; Isabel und Annika wohnen gemeinsam in einer Wohngemeinschaft. Vierzehn Tage verbringen die Frauen auf der Insel, entdecken D\u00f6rfer, St\u00e4dte und Landschaften, wandern, sitzen in Bars und diskutieren. Es ist, Ende der 70iger Jahre, die Zeit, in der keine Tabus und Konventionen gelten gelassen werden, in der alles besprochen und neu \u00fcberdacht wird: Beziehungen zu M\u00e4nnern und zu Frauen, Liebe, Sexualit\u00e4t, Eifersucht und Gewalt, das Schreiben, Kunst, Literatur und Politik &#8230; Das Subjektive ist das Politische. Der Beginn einer Liebesgeschichte zwischen zwei der Frauen entz\u00fcndet die Auseinandersetzung \u00fcber N\u00e4he und Distanz.<\/p>\n<p>Es ist auch eine Reise in die Vergangenheit. In kurzen R\u00fcckblicken wird die Kindheit der f\u00fcnf Frauen erz\u00e4hlt, ihre Entwicklung aus der Familie heraus, das Frau-Werden, der Eintritt in politische Bewegungen und schlieblich die Begegnung untereinander.<\/p>\n<p>Sie sind unterschiedlichen Alters und sozialer Herkunft. Wanda und Selma sind noch im 2.Weltkrieg geboren und haben die unmittelbaren Folgen miterlebt. Annika kommt aus einfachen Verh\u00e4ltnissen und ist ein Kind der 50iger Jahre. Silke und Isabel wurden in die Wirtschaftswunder \u2013Zeit hineingeboren, stammen aber aus unterschiedlichen Milieus. So wird auch deutsche Nachkriegsgeschichte erz\u00e4hlt, von unten und aus Frauen-Sicht.do<\/p>\n<p>Die Frauen verk\u00f6rpern ein St\u00fcck gelebter Emanzipation; sie sind erf\u00fcllt von der gemeinsamen Utopie nach Freiheit von Unterdr\u00fcckung und Beschr\u00e4nkung als Frau. Aber an den Themen Liebe zu Frauen und\/ oder zu M\u00e4nnern, Kinderwunsch, politisches Engagement und\/ oder k\u00fcnstlerische Arbeit, werden sich ihre Wege trennen.<\/p>\n<p>Roman<br \/>\n1. Auflage Hamburg, Buntbuch-Verlag, Hamburg 1982; 2.Auflage Hamburg, Rowohlt-Taschenbuch-Verlag.<br \/>\nBeide Auflage vergriffen; erh\u00e4ltlich \u00fcber Antiquariate oder die Autorin<br \/>\nISBN 3 499 156164<\/p>\n<p><strong>Leseprobe<\/strong><\/p>\n<p>1. Tag<\/p>\n<p>Feinnieseliger Novembersonntag. Vorwiegend \u00e4ltere Leute lassen sich von Taxen oder Angeh\u00f6rigen zum Flughafen bringen. Die Schlangen an den Schaltern wachsen kurzzeitig an, zerstreuen sich dann wieder. Durch die Schwingt\u00fcr kommen zwei Frauen und zwei M\u00e4nner, die Frauen tragen ihre Scheu ihre schweren Koffer selbst, die M\u00e4nner halten ein paar Netze und Taschen in den H\u00e4nden. Sie bleiben etwas unschl\u00fcssig in der Mitte der Halle stehen, die Frauen sehen sich um ruhig um. Die eine tr\u00e4gt dunkelblaue Cordjeans, die unten an den kn\u00f6chern mit einem Gummiband zusammengezogen sind, so da\u00df sie aussehen wie Pumphosen. Dar\u00fcber eine dunkelgr\u00fcnen, halblange Cordjacke mit Kapuze. Sie schiebt ihre Handtasche \u00fcber die Schulter, streichelt sich die dunkelblaue Locken aus der Stirn. Die anderen sind noch nicht da, hoffentlich sind sie p\u00fcnktlich. Sie drehte sich um zu ihrem Begleiter und wirft ihm einen traurigen, fragenden Blick zu. Der steht gro\u00df und steif steif neben ihr, drehte sich eine Zigarette und h\u00e4lt sie mit seinen Blicken fest.<\/p>\n","protected":false},"excerpt":{"rendered":"<p>F\u00fcnf Frauen reisen auf die Insel Mallorca. Annika, Silke, Selma und Wanda arbeiten in einem kollektiv gef\u00fchrten Frauenberatungsladen; Isabel und Annika wohnen gemeinsam in einer Wohngemeinschaft. Vierzehn Tage verbringen die Frauen auf der Insel, entdecken D\u00f6rfer, St\u00e4dte und Landschaften, wandern, sitzen in Bars und diskutieren. Es ist, Ende der 70iger Jahre, die Zeit, in der [&hellip;]<\/p>\n","protected":false},"author":1,"featured_media":0,"parent":23,"menu_order":1,"comment_status":"closed","ping_status":"closed","template":"","meta":[],"_links":{"self":[{"href":"https:\/\/astridschmeda.de\/index.php?rest_route=\/wp\/v2\/pages\/33"}],"collection":[{"href":"https:\/\/astridschmeda.de\/index.php?rest_route=\/wp\/v2\/pages"}],"about":[{"href":"https:\/\/astridschmeda.de\/index.php?rest_route=\/wp\/v2\/types\/page"}],"author":[{"embeddable":true,"href":"https:\/\/astridschmeda.de\/index.php?rest_route=\/wp\/v2\/users\/1"}],"replies":[{"embeddable":true,"href":"https:\/\/astridschmeda.de\/index.php?rest_route=%2Fwp%2Fv2%2Fcomments&post=33"}],"version-history":[{"count":4,"href":"https:\/\/astridschmeda.de\/index.php?rest_route=\/wp\/v2\/pages\/33\/revisions"}],"predecessor-version":[{"id":60,"href":"https:\/\/astridschmeda.de\/index.php?rest_route=\/wp\/v2\/pages\/33\/revisions\/60"}],"up":[{"embeddable":true,"href":"https:\/\/astridschmeda.de\/index.php?rest_route=\/wp\/v2\/pages\/23"}],"wp:attachment":[{"href":"https:\/\/astridschmeda.de\/index.php?rest_route=%2Fwp%2Fv2%2Fmedia&parent=33"}],"curies":[{"name":"wp","href":"https:\/\/api.w.org\/{rel}","templated":true}]}}